{"id":7603,"date":"2024-06-21T11:10:27","date_gmt":"2024-06-21T11:10:27","guid":{"rendered":"https:\/\/tdbank-redesign.site.findly.com\/?page_id=7603"},"modified":"2024-09-11T17:34:20","modified_gmt":"2024-09-11T17:34:20","slug":"recherche-faqs","status":"publish","type":"page","link":"https:\/\/careers.td.com\/fr-ca\/recherche-faqs\/","title":{"rendered":"Recherche et FAQ"},"content":{"rendered":"<p><div class=\"fusion-fullwidth fullwidth-box fusion-builder-row-1 fusion-flex-container has-pattern-background has-mask-background nonhundred-percent-fullwidth non-hundred-percent-height-scrolling\" style=\"--awb-border-radius-top-left:0px;--awb-border-radius-top-right:0px;--awb-border-radius-bottom-right:0px;--awb-border-radius-bottom-left:0px;--awb-padding-top:160px;--awb-padding-bottom:160px;--awb-padding-top-medium:64px;--awb-padding-right-medium:16px;--awb-padding-bottom-medium:64px;--awb-padding-left-medium:16px;--awb-background-color:#f9f9f9;--awb-flex-wrap:wrap;\" aria-label=\"\" role=\"\" ><div class=\"fusion-builder-row fusion-row fusion-flex-align-items-center fusion-flex-justify-content-center fusion-flex-content-wrap\" style=\"max-width:calc( 1408px + 40px );margin-left: calc(-40px \/ 2 );margin-right: calc(-40px \/ 2 );\"><div class=\"fusion-layout-column fusion_builder_column fusion-builder-column-0 fusion_builder_column_4_5 4_5 fusion-flex-column\" style=\"--awb-bg-size:cover;--awb-width-large:80%;--awb-margin-top-large:0px;--awb-spacing-right-large:20px;--awb-margin-bottom-large:20px;--awb-spacing-left-large:20px;--awb-width-medium:80%;--awb-order-medium:0;--awb-spacing-right-medium:20px;--awb-spacing-left-medium:20px;--awb-width-small:100%;--awb-order-small:0;--awb-spacing-right-small:20px;--awb-spacing-left-small:20px;\"><div class=\"fusion-column-wrapper fusion-column-has-shadow fusion-flex-justify-content-flex-start fusion-content-layout-column\"><div class=\"fusion-title title fusion-title-1 fusion-sep-none fusion-title-center fusion-title-text fusion-title-size-one faq-h1\" style=\"--awb-text-color:#1a5336;--awb-margin-bottom:48px;--awb-font-size:64px;\"><h1 class=\"fusion-title-heading title-heading-center\" style=\"font-family:&quot;TDGraphikSemiLight&quot;;font-style:normal;font-weight:400;margin:0;font-size:1em;text-transform:none;line-height:72px;\">Vos recherches sont infructueuses?<\/h1><\/div><div class=\"fusion-text fusion-text-1 lh-32\" style=\"--awb-font-size:20px;--awb-line-height:32px;\"><p>Nous pouvons r\u00e9pondre \u00e0 vos questions de recherche d\u2019emploi. Parcourez notre site afin d\u2019en savoir plus sur notre culture, nos avantages et les types de postes offerts en saisissant vos requ\u00eates dans le champ de recherche ci-dessous. <strong>Vous pouvez \u00e9galement <\/strong><a href=\"https:\/\/td.wd3.myworkdayjobs.com\/fr-CA\/TD_Bank_Careers\" target=\"_blank\" rel=\"noopener\" style=\"color: #038203;\"><u>cliquer sur ce lien pour consulter les postes actuellement vacants<\/u><\/a><strong> ou cliquer sur le bouton dans le coin sup\u00e9rieur droit.<\/strong><\/p> <\/div><div class=\"fusion-search-element fusion-search-element-1 fusion-search-form-clean\">\t\t<form role=\"search\" class=\"searchform fusion-search-form  fusion-search-form-clean\" method=\"get\" action=\"https:\/\/careers.td.com\/fr-ca\/\"> \t\t\t<div class=\"fusion-search-form-content\">  \t\t\t\t \t\t\t\t<div class=\"fusion-search-field search-field\"> \t\t\t\t\t<label><span class=\"screen-reader-text\">Search for:<\/span> \t\t\t\t\t\t\t\t\t\t\t\t\t<input type=\"search\" value=\"\" name=\"s\" class=\"s\" placeholder=\"Comment pouvons-nous vous aider dans vos recherches?\" required aria-required=\"true\" aria-label=\"Comment pouvons-nous vous aider dans vos recherches?\"\/> \t\t\t\t\t\t\t\t\t\t\t<\/label> \t\t\t\t<\/div> \t\t\t\t<div class=\"fusion-search-button search-button\"> \t\t\t\t\t<input type=\"submit\" class=\"fusion-search-submit searchsubmit\" aria-label=\"Search\" value=\"&#xf002;\" \/> \t\t\t\t\t\t\t\t\t<\/div>  \t\t\t\t<input type=\"hidden\" name=\"post_type[]\" value=\"page\" \/><input type=\"hidden\" name=\"search_limit_to_post_titles\" value=\"0\" \/><input type=\"hidden\" name=\"add_woo_product_skus\" value=\"0\" \/><input type=\"hidden\" name=\"fs\" value=\"1\" \/> \t\t\t<\/div>   \t\t\t \t\t<\/form> \t\t<\/div><\/div><\/div><\/div><\/div><div class=\"fusion-fullwidth fullwidth-box fusion-builder-row-2 fusion-flex-container has-pattern-background has-mask-background nonhundred-percent-fullwidth non-hundred-percent-height-scrolling\" style=\"--awb-border-radius-top-left:0px;--awb-border-radius-top-right:0px;--awb-border-radius-bottom-right:0px;--awb-border-radius-bottom-left:0px;--awb-padding-top:160px;--awb-padding-bottom:160px;--awb-padding-top-medium:64px;--awb-padding-right-medium:16px;--awb-padding-bottom-medium:64px;--awb-padding-left-medium:16px;--awb-padding-right-small:16px;--awb-padding-left-small:16px;--awb-flex-wrap:wrap;\" id=\"faq\" aria-label=\"\" role=\"\" ><div class=\"fusion-builder-row fusion-row fusion-flex-align-items-flex-start fusion-flex-content-wrap\" style=\"max-width:calc( 1408px + 40px );margin-left: calc(-40px \/ 2 );margin-right: calc(-40px \/ 2 );\"><div class=\"fusion-layout-column fusion_builder_column fusion-builder-column-1 fusion_builder_column_1_4 1_4 fusion-flex-column\" style=\"--awb-bg-size:cover;--awb-width-large:25%;--awb-margin-top-large:0px;--awb-spacing-right-large:20px;--awb-margin-bottom-large:20px;--awb-spacing-left-large:20px;--awb-width-medium:25%;--awb-order-medium:0;--awb-spacing-right-medium:20px;--awb-spacing-left-medium:20px;--awb-width-small:100%;--awb-order-small:0;--awb-spacing-right-small:20px;--awb-spacing-left-small:20px;\"><div class=\"fusion-column-wrapper fusion-column-has-shadow fusion-flex-justify-content-flex-start fusion-content-layout-column\"><div class=\"fusion-title title fusion-title-2 fusion-sep-none fusion-title-text fusion-title-size-two\" style=\"--awb-text-color:var(--awb-custom_color_2);--awb-font-size:44px;\"><h2 class=\"fusion-title-heading title-heading-left\" style=\"font-family:&quot;TDGraphikMedium&quot;;font-style:normal;font-weight:400;margin:0;font-size:1em;text-transform:none;line-height:56px;\">FAQ<\/h2><\/div><\/div><\/div><div class=\"fusion-layout-column fusion_builder_column fusion-builder-column-2 fusion_builder_column_3_4 3_4 fusion-flex-column col-icons\" style=\"--awb-bg-size:cover;--awb-width-large:75%;--awb-margin-top-large:10px;--awb-spacing-right-large:20px;--awb-margin-bottom-large:20px;--awb-spacing-left-large:20px;--awb-width-medium:75%;--awb-order-medium:0;--awb-spacing-right-medium:20px;--awb-spacing-left-medium:20px;--awb-width-small:100%;--awb-order-small:0;--awb-spacing-right-small:20px;--awb-spacing-left-small:20px;\" data-scroll-devices=\"small-visibility,medium-visibility,large-visibility\"><div class=\"fusion-column-wrapper fusion-column-has-shadow fusion-flex-justify-content-flex-start fusion-content-layout-column\"><div class=\"fusion-text fusion-text-2 fusion-text-no-margin lh-32\" style=\"--awb-font-size:20px;--awb-line-height:32px;--awb-margin-bottom:48px;\"><p>Des possibilit\u00e9s d\u2019emploi \u00e0 la TD vous int\u00e9ressent? Vous trouverez rapidement des r\u00e9ponses aux questions fr\u00e9quemment pos\u00e9es sur les \u00e9tapes de notre processus d\u2019embauche et sur le d\u00e9pannage technique dans un petit document PDF que vous pouvez t\u00e9l\u00e9charger.<\/p> <\/div><div ><a class=\"fusion-button button-flat fusion-button-default-size button-default fusion-button-default button-1 fusion-button-default-span fusion-button-default-type trans-bg-btn\" style=\"--button_margin-bottom:36px;\" target=\"_blank\" rel=\"noopener noreferrer\" href=\"https:\/\/cdn-static.findly.com\/wp-content\/uploads\/sites\/3345\/2024\/08\/13115213\/FAQ_FR-1.pdf\"><span class=\"fusion-button-text\">T\u00e9l\u00e9charger notre FAQ<\/span><\/a><\/div><div class=\"fusion-text fusion-text-3 d-none\"><div><a class=\"fusion-button button-flat fusion-button-default-size button-default fusion-button-default button-2 fusion-button-default-span fusion-button-default-type btn-link\" target=\"_blank\" rel=\"noopener noreferrer\" href=\"mailto:TD.TDOpportunitiesTechSupport@td.com\"><span class=\"fusion-button-text\">Communiquez avec la TD pour obtenir de l\u2019aide<\/span> <span class=\"sr-only\">\u00a0 Opens in new tab<\/span><\/a><\/div> <\/div><\/div><\/div><\/div><\/div><\/p>\n","protected":false},"excerpt":{"rendered":"","protected":false},"author":1606,"featured_media":0,"parent":0,"menu_order":0,"comment_status":"closed","ping_status":"closed","template":"100-width.php","meta":{"footnotes":""},"class_list":["post-7603","page","type-page","status-publish","hentry"],"yoast_head":"<!-- This site is optimized with the Yoast SEO Premium plugin v23.0 (Yoast SEO v23.0) - https:\/\/yoast.com\/wordpress\/plugins\/seo\/ -->\n<title>Recherche et FAQ -<\/title>\n<meta name=\"robots\" content=\"index, follow, max-snippet:-1, max-image-preview:large, max-video-preview:-1\" \/>\n<link rel=\"canonical\" href=\"https:\/\/careers.td.com\/fr-ca\/recherche-faqs\/\" \/>\n<meta property=\"og:locale\" content=\"fr_FR\" \/>\n<meta property=\"og:type\" content=\"article\" \/>\n<meta property=\"og:title\" content=\"Recherche et FAQ\" \/>\n<meta property=\"og:url\" content=\"https:\/\/careers.td.com\/fr-ca\/recherche-faqs\/\" \/>\n<meta property=\"article:modified_time\" content=\"2024-09-11T17:34:20+00:00\" \/>\n<meta name=\"twitter:card\" content=\"summary_large_image\" \/>\n<meta name=\"twitter:label1\" content=\"Est. reading time\" \/>\n\t<meta name=\"twitter:data1\" content=\"6 minutes\" \/>\n<script type=\"application\/ld+json\" class=\"yoast-schema-graph\">{\"@context\":\"https:\/\/schema.org\",\"@graph\":[{\"@type\":\"WebPage\",\"@id\":\"https:\/\/careers.td.com\/fr-ca\/recherche-faqs\/\",\"url\":\"https:\/\/careers.td.com\/fr-ca\/recherche-faqs\/\",\"name\":\"Recherche et FAQ -\",\"isPartOf\":{\"@id\":\"https:\/\/careers.td.com\/#website\"},\"datePublished\":\"2024-06-21T11:10:27+00:00\",\"dateModified\":\"2024-09-11T17:34:20+00:00\",\"breadcrumb\":{\"@id\":\"https:\/\/careers.td.com\/fr-ca\/recherche-faqs\/#breadcrumb\"},\"inLanguage\":\"fr\",\"potentialAction\":[{\"@type\":\"ReadAction\",\"target\":[\"https:\/\/careers.td.com\/fr-ca\/recherche-faqs\/\"]}]},{\"@type\":\"BreadcrumbList\",\"@id\":\"https:\/\/careers.td.com\/fr-ca\/recherche-faqs\/#breadcrumb\",\"itemListElement\":[{\"@type\":\"ListItem\",\"position\":1,\"name\":\"Home\",\"item\":\"https:\/\/careers.td.com\/fr-ca\/\"},{\"@type\":\"ListItem\",\"position\":2,\"name\":\"Recherche et FAQ\"}]},{\"@type\":\"WebSite\",\"@id\":\"https:\/\/careers.td.com\/#website\",\"url\":\"https:\/\/careers.td.com\/\",\"name\":\"\",\"description\":\"TD Bank\",\"potentialAction\":[{\"@type\":\"SearchAction\",\"target\":{\"@type\":\"EntryPoint\",\"urlTemplate\":\"https:\/\/careers.td.com\/?s={search_term_string}\"},\"query-input\":\"required name=search_term_string\"}],\"inLanguage\":\"fr\"}]}<\/script>\n<!-- \/ Yoast SEO Premium plugin. -->","yoast_head_json":{"title":"Recherche et FAQ -","robots":{"index":"index","follow":"follow","max-snippet":"max-snippet:-1","max-image-preview":"max-image-preview:large","max-video-preview":"max-video-preview:-1"},"canonical":"https:\/\/careers.td.com\/fr-ca\/recherche-faqs\/","og_locale":"fr_FR","og_type":"article","og_title":"Recherche et FAQ","og_url":"https:\/\/careers.td.com\/fr-ca\/recherche-faqs\/","article_modified_time":"2024-09-11T17:34:20+00:00","twitter_card":"summary_large_image","twitter_misc":{"Est. reading time":"6 minutes"},"schema":{"@context":"https:\/\/schema.org","@graph":[{"@type":"WebPage","@id":"https:\/\/careers.td.com\/fr-ca\/recherche-faqs\/","url":"https:\/\/careers.td.com\/fr-ca\/recherche-faqs\/","name":"Recherche et FAQ -","isPartOf":{"@id":"https:\/\/careers.td.com\/#website"},"datePublished":"2024-06-21T11:10:27+00:00","dateModified":"2024-09-11T17:34:20+00:00","breadcrumb":{"@id":"https:\/\/careers.td.com\/fr-ca\/recherche-faqs\/#breadcrumb"},"inLanguage":"fr","potentialAction":[{"@type":"ReadAction","target":["https:\/\/careers.td.com\/fr-ca\/recherche-faqs\/"]}]},{"@type":"BreadcrumbList","@id":"https:\/\/careers.td.com\/fr-ca\/recherche-faqs\/#breadcrumb","itemListElement":[{"@type":"ListItem","position":1,"name":"Home","item":"https:\/\/careers.td.com\/fr-ca\/"},{"@type":"ListItem","position":2,"name":"Recherche et FAQ"}]},{"@type":"WebSite","@id":"https:\/\/careers.td.com\/#website","url":"https:\/\/careers.td.com\/","name":"","description":"TD Bank","potentialAction":[{"@type":"SearchAction","target":{"@type":"EntryPoint","urlTemplate":"https:\/\/careers.td.com\/?s={search_term_string}"},"query-input":"required name=search_term_string"}],"inLanguage":"fr"}]}},"_links":{"self":[{"href":"https:\/\/careers.td.com\/fr-ca\/wp-json\/wp\/v2\/pages\/7603","targetHints":{"allow":["GET"]}}],"collection":[{"href":"https:\/\/careers.td.com\/fr-ca\/wp-json\/wp\/v2\/pages"}],"about":[{"href":"https:\/\/careers.td.com\/fr-ca\/wp-json\/wp\/v2\/types\/page"}],"author":[{"embeddable":true,"href":"https:\/\/careers.td.com\/fr-ca\/wp-json\/wp\/v2\/users\/1606"}],"replies":[{"embeddable":true,"href":"https:\/\/careers.td.com\/fr-ca\/wp-json\/wp\/v2\/comments?post=7603"}],"version-history":[{"count":6,"href":"https:\/\/careers.td.com\/fr-ca\/wp-json\/wp\/v2\/pages\/7603\/revisions"}],"predecessor-version":[{"id":7928,"href":"https:\/\/careers.td.com\/fr-ca\/wp-json\/wp\/v2\/pages\/7603\/revisions\/7928"}],"wp:attachment":[{"href":"https:\/\/careers.td.com\/fr-ca\/wp-json\/wp\/v2\/media?parent=7603"}],"curies":[{"name":"wp","href":"https:\/\/api.w.org\/{rel}","templated":true}]}}