{"id":7233,"date":"2024-06-19T20:56:27","date_gmt":"2024-06-19T20:56:27","guid":{"rendered":"https:\/\/tdbank-redesign.site.findly.com\/?page_id=7233"},"modified":"2026-01-29T18:40:26","modified_gmt":"2026-01-29T18:40:26","slug":"trouver-une-equipe","status":"publish","type":"page","link":"https:\/\/careers.td.com\/fr-ca\/trouver-une-equipe\/","title":{"rendered":"Trouver une \u00e9quipe"},"content":{"rendered":"<p><div class=\"fusion-fullwidth fullwidth-box fusion-builder-row-1 fusion-flex-container has-pattern-background has-mask-background fusion-parallax-none banner-section you-td-mob-banner full-width-cover parent-page find-a-team nonhundred-percent-fullwidth non-hundred-percent-height-scrolling\" style=\"--awb-background-position:center top;--awb-border-radius-top-left:0px;--awb-border-radius-top-right:0px;--awb-border-radius-bottom-right:0px;--awb-border-radius-bottom-left:0px;--awb-padding-top:80px;--awb-padding-right:50px;--awb-padding-bottom:0px;--awb-padding-left:50px;--awb-min-height:500px;--awb-background-image:url(&quot;https:\/\/cdn-static.findly.com\/wp-content\/uploads\/sites\/3345\/2024\/06\/19205357\/TDBR_0210_TD-Career-Website-Transformation_Section5.0_Image1.jpg&quot;);--awb-background-size:cover;--awb-flex-wrap:wrap;\" ><div class=\"fusion-builder-row fusion-row fusion-flex-align-items-flex-start fusion-flex-content-wrap\" style=\"max-width:calc( 1408px + 40px );margin-left: calc(-40px \/ 2 );margin-right: calc(-40px \/ 2 );\"><div class=\"fusion-layout-column fusion_builder_column fusion-builder-column-0 fusion_builder_column_1_2 1_2 fusion-flex-column green-box you-td \" style=\"--awb-padding-top:64px;--awb-padding-right:64px;--awb-padding-bottom:64px;--awb-padding-left:64px;--awb-bg-color:var(--awb-custom_color_1);--awb-bg-color-hover:var(--awb-custom_color_1);--awb-bg-size:cover;--awb-width-large:50%;--awb-margin-top-large:0px;--awb-spacing-right-large:20px;--awb-margin-bottom-large:-100px;--awb-spacing-left-large:20px;--awb-width-medium:50%;--awb-order-medium:0;--awb-spacing-right-medium:20px;--awb-spacing-left-medium:20px;--awb-width-small:100%;--awb-order-small:0;--awb-spacing-right-small:20px;--awb-spacing-left-small:20px;\" data-scroll-devices=\"small-visibility,medium-visibility,large-visibility\"><div class=\"fusion-column-wrapper fusion-column-has-shadow fusion-flex-justify-content-center fusion-content-layout-column\"><div class=\"fusion-title title fusion-title-1 fusion-sep-none fusion-title-text fusion-title-size-one\"><h1 class=\"fusion-title-heading title-heading-left\" style=\"margin:0;text-transform:none;\">Parlons \u00e9quipes<\/h1><\/div><\/div><\/div><\/div><\/div><div class=\"fusion-fullwidth fullwidth-box fusion-builder-row-2 fusion-flex-container has-pattern-background has-mask-background banner-right-text-sec nonhundred-percent-fullwidth non-hundred-percent-height-scrolling\" style=\"--awb-border-radius-top-left:0px;--awb-border-radius-top-right:0px;--awb-border-radius-bottom-right:0px;--awb-border-radius-bottom-left:0px;--awb-padding-top:64px;--awb-padding-top-small:60%;--awb-padding-right-small:20px;--awb-padding-bottom-small:0px;--awb-padding-left-small:20px;--awb-margin-top-medium:100px;--awb-margin-top-small:0px;--awb-flex-wrap:wrap;\" ><div class=\"fusion-builder-row fusion-row fusion-flex-align-items-flex-start fusion-flex-justify-content-flex-end fusion-flex-content-wrap\" style=\"max-width:calc( 1408px + 40px );margin-left: calc(-40px \/ 2 );margin-right: calc(-40px \/ 2 );\"><div class=\"fusion-layout-column fusion_builder_column fusion-builder-column-1 fusion_builder_column_1_2 1_2 fusion-flex-column\" style=\"--awb-bg-size:cover;--awb-width-large:50%;--awb-margin-top-large:0px;--awb-spacing-right-large:20px;--awb-margin-bottom-large:0px;--awb-spacing-left-large:20px;--awb-width-medium:50%;--awb-order-medium:0;--awb-spacing-right-medium:20px;--awb-spacing-left-medium:20px;--awb-width-small:100%;--awb-order-small:0;--awb-spacing-right-small:20px;--awb-spacing-left-small:20px;\" data-scroll-devices=\"small-visibility,medium-visibility,large-visibility\"><div class=\"fusion-column-wrapper fusion-column-has-shadow fusion-flex-justify-content-flex-start fusion-content-layout-column\"><div class=\"fusion-text fusion-text-1 lh-32\" style=\"--awb-font-size:20px;--awb-line-height:32px;\"><p>D\u00e9couvrez les nombreuses \u00e9quipes de la\u202fTD qui se consacrent \u00e0 la r\u00e9ussite de nos clients et de nos collectivit\u00e9s.\u202fQu\u2019il s\u2019agisse des \u00e9quipes Op\u00e9rations, Technologie, Gestion des risques, Marketing ou du Service juridique, les \u00e9quipes travaillent toutes ensemble pour rendre les interactions, les exp\u00e9riences et les produits remarquablement humains et agr\u00e9ablement simples. <\/p>\n<\/div><\/div><\/div><\/div><\/div><div class=\"fusion-fullwidth fullwidth-box fusion-builder-row-3 fusion-flex-container has-pattern-background has-mask-background about-sec intro-sec nonhundred-percent-fullwidth non-hundred-percent-height-scrolling\" style=\"--awb-border-radius-top-left:0px;--awb-border-radius-top-right:0px;--awb-border-radius-bottom-right:0px;--awb-border-radius-bottom-left:0px;--awb-padding-top:20px;--awb-padding-bottom:48px;--awb-padding-top-small:0px;--awb-padding-right-small:20px;--awb-padding-bottom-small:0px;--awb-padding-left-small:20px;--awb-margin-top:0px;--awb-margin-bottom:0px;--awb-margin-top-medium:0px;--awb-margin-top-small:0px;--awb-flex-wrap:wrap;\" id=\"finding-a-team\" ><div class=\"fusion-builder-row fusion-row fusion-flex-align-items-center fusion-flex-justify-content-center fusion-flex-content-wrap\" style=\"max-width:calc( 1408px + 40px );margin-left: calc(-40px \/ 2 );margin-right: calc(-40px \/ 2 );\"><div class=\"fusion-layout-column fusion_builder_column fusion-builder-column-2 fusion_builder_column_3_4 3_4 fusion-flex-column\" style=\"--awb-bg-size:cover;--awb-width-large:75%;--awb-margin-top-large:0px;--awb-spacing-right-large:20px;--awb-margin-bottom-large:20px;--awb-spacing-left-large:20px;--awb-width-medium:100%;--awb-order-medium:0;--awb-spacing-right-medium:20px;--awb-spacing-left-medium:20px;--awb-width-small:100%;--awb-order-small:0;--awb-spacing-right-small:20px;--awb-spacing-left-small:20px;\" data-scroll-devices=\"small-visibility,medium-visibility,large-visibility\"><div class=\"fusion-column-wrapper fusion-column-has-shadow fusion-flex-justify-content-flex-start fusion-content-layout-column\"><div class=\"fusion-title title fusion-title-2 fusion-sep-none fusion-title-center fusion-title-text fusion-title-size-two\" style=\"--awb-text-color:var(--awb-custom_color_2);--awb-font-size:48px;\"><h2 class=\"fusion-title-heading title-heading-center sm-text-align-left\" style=\"font-family:&quot;TDGraphikMedium&quot;;font-style:normal;font-weight:400;margin:0;font-size:1em;text-transform:none;line-height:58px;\">Recherchez les postes disponibles, que ce soit un poste en conception graphique ou comme gestionnaire de fonds.<\/h2><\/div><\/div><\/div><\/div><\/div><div class=\"fusion-fullwidth fullwidth-box fusion-builder-row-4 fusion-flex-container has-pattern-background has-mask-background list-wrap image-cards-section nonhundred-percent-fullwidth non-hundred-percent-height-scrolling\" style=\"--awb-border-radius-top-left:0px;--awb-border-radius-top-right:0px;--awb-border-radius-bottom-right:0px;--awb-border-radius-bottom-left:0px;--awb-padding-top:20px;--awb-padding-bottom:0px;--awb-padding-top-medium:30px;--awb-padding-bottom-medium:30px;--awb-padding-top-small:20px;--awb-padding-bottom-small:20px;--awb-flex-wrap:wrap;\" ><div class=\"fusion-builder-row fusion-row fusion-flex-align-items-flex-start fusion-flex-content-wrap\" style=\"max-width:calc( 1408px + 40px );margin-left: calc(-40px \/ 2 );margin-right: calc(-40px \/ 2 );\"><div class=\"fusion-layout-column fusion_builder_column fusion-builder-column-3 fusion_builder_column_1_2 1_2 fusion-flex-column\" style=\"--awb-bg-size:cover;--awb-width-large:50%;--awb-margin-top-large:0px;--awb-spacing-right-large:20px;--awb-margin-bottom-large:0px;--awb-spacing-left-large:20px;--awb-width-medium:50%;--awb-order-medium:0;--awb-spacing-right-medium:20px;--awb-spacing-left-medium:20px;--awb-width-small:100%;--awb-order-small:0;--awb-spacing-right-small:20px;--awb-spacing-left-small:20px;\" data-scroll-devices=\"small-visibility,medium-visibility,large-visibility\"><div class=\"fusion-column-wrapper fusion-column-has-shadow fusion-flex-justify-content-flex-start fusion-content-layout-column\"><div class=\"fusion-image-element \" style=\"--awb-caption-title-font-family:var(--h2_typography-font-family);--awb-caption-title-font-weight:var(--h2_typography-font-weight);--awb-caption-title-font-style:var(--h2_typography-font-style);--awb-caption-title-size:var(--h2_typography-font-size);--awb-caption-title-transform:var(--h2_typography-text-transform);--awb-caption-title-line-height:var(--h2_typography-line-height);--awb-caption-title-letter-spacing:var(--h2_typography-letter-spacing);\"><span class=\" fusion-imageframe imageframe-none imageframe-1 hover-type-none\"><img decoding=\"async\" width=\"1920\" height=\"1080\" alt=\"Deux coll\u00e8gues regardent une tablette en marchant dans le corridor d\u2019un bureau.\" title=\"finding a team\" src=\"https:\/\/careers.td.com\/wp-content\/uploads\/sites\/3345\/2025\/10\/finding-a-team-1.jpg\" class=\"img-responsive wp-image-9256\" srcset=\"https:\/\/careers.td.com\/wp-content\/uploads\/sites\/3345\/2025\/10\/finding-a-team-1-200x113.jpg 200w, https:\/\/careers.td.com\/wp-content\/uploads\/sites\/3345\/2025\/10\/finding-a-team-1-400x225.jpg 400w, https:\/\/careers.td.com\/wp-content\/uploads\/sites\/3345\/2025\/10\/finding-a-team-1-600x338.jpg 600w, https:\/\/careers.td.com\/wp-content\/uploads\/sites\/3345\/2025\/10\/finding-a-team-1-800x450.jpg 800w, https:\/\/careers.td.com\/wp-content\/uploads\/sites\/3345\/2025\/10\/finding-a-team-1-1200x675.jpg 1200w, https:\/\/careers.td.com\/wp-content\/uploads\/sites\/3345\/2025\/10\/finding-a-team-1.jpg 1920w\" sizes=\"(max-width: 767px) 100vw, 800px\" \/><\/span><\/div><div class=\"fusion-title title fusion-title-3 fusion-sep-none fusion-title-text fusion-title-size-three fw-500\" style=\"--awb-margin-top:36px;--awb-margin-bottom:32px;\"><h3 class=\"fusion-title-heading title-heading-left\" style=\"margin:0;text-transform:none;\">Recherchez des \u00e9quipes par expertise<\/h3><\/div><div class=\"fusion-text fusion-text-2\"><p>Quel type de carri\u00e8re recherchez-vous? D\u00e9couvrez les nombreuses cat\u00e9gories d\u2019emplois qui pourraient vous int\u00e9resser.<\/p>\n<\/div><div ><a class=\"fusion-button button-flat fusion-button-default-size button-default fusion-button-default button-1 fusion-button-default-span fusion-button-default-type btn-link\" target=\"_self\" href=\"\/fr-ca\/trouver-une-equipe\/categories-emploi\/\"><span class=\"fusion-button-text\">D\u00e9couvrir les cat\u00e9gories de carri\u00e8res<\/span><\/a><\/div><\/div><\/div><div class=\"fusion-layout-column fusion_builder_column fusion-builder-column-4 fusion_builder_column_1_2 1_2 fusion-flex-column\" style=\"--awb-bg-size:cover;--awb-width-large:50%;--awb-margin-top-large:0px;--awb-spacing-right-large:20px;--awb-margin-bottom-large:0px;--awb-spacing-left-large:20px;--awb-width-medium:50%;--awb-order-medium:0;--awb-spacing-right-medium:20px;--awb-spacing-left-medium:20px;--awb-width-small:100%;--awb-order-small:0;--awb-spacing-right-small:20px;--awb-spacing-left-small:20px;\" data-scroll-devices=\"small-visibility,medium-visibility,large-visibility\"><div class=\"fusion-column-wrapper fusion-column-has-shadow fusion-flex-justify-content-flex-start fusion-content-layout-column\"><div class=\"fusion-image-element \" style=\"--awb-caption-title-font-family:var(--h2_typography-font-family);--awb-caption-title-font-weight:var(--h2_typography-font-weight);--awb-caption-title-font-style:var(--h2_typography-font-style);--awb-caption-title-size:var(--h2_typography-font-size);--awb-caption-title-transform:var(--h2_typography-text-transform);--awb-caption-title-line-height:var(--h2_typography-line-height);--awb-caption-title-letter-spacing:var(--h2_typography-letter-spacing);\"><span class=\" fusion-imageframe imageframe-none imageframe-2 hover-type-none\"><img decoding=\"async\" width=\"1920\" height=\"1080\" alt=\"Trois coll\u00e8gues de la TD rient ensemble en travaillant autour d\u2019une table.\" title=\"TDBR_0210_TD-Career-Website-Transformation_Section5.0_Image2\" src=\"https:\/\/cdn-static.findly.com\/wp-content\/uploads\/sites\/3345\/2024\/06\/19205406\/TDBR_0210_TD-Career-Website-Transformation_Section5.0_Image2.jpg\" class=\"img-responsive wp-image-5458\"\/><\/span><\/div><div class=\"fusion-title title fusion-title-4 fusion-sep-none fusion-title-text fusion-title-size-three fw-500\" style=\"--awb-margin-top:36px;--awb-margin-bottom:32px;\"><h3 class=\"fusion-title-heading title-heading-left\" style=\"margin:0;text-transform:none;\">Recherchez des \u00e9quipes par service<\/h3><\/div><div class=\"fusion-text fusion-text-3\"><p>Venez d\u00e9couvrir les nombreux services qui fa\u00e7onnent la TD, du service \u00e0 la client\u00e8le de premi\u00e8re ligne, aux secteurs du Bureau de la Soci\u00e9t\u00e9 comme le marketing en passant par les Services priv\u00e9s, Gestion de patrimoine.<\/p>\n<\/div><div ><a class=\"fusion-button button-flat fusion-button-default-size button-default fusion-button-default button-2 fusion-button-default-span fusion-button-default-type btn-link\" target=\"_self\" href=\"\/fr-ca\/trouver-une-equipe\/secteur-activite\/\"><span class=\"fusion-button-text\">D\u00e9couvrir des \u00e9quipes par service<\/span><\/a><\/div><\/div><\/div><\/div><\/div><div class=\"fusion-fullwidth fullwidth-box fusion-builder-row-5 fusion-flex-container has-pattern-background has-mask-background fusion-parallax-none blk-section cta-margin nonhundred-percent-fullwidth non-hundred-percent-height-scrolling\" style=\"--awb-background-position:left top;--awb-border-radius-top-left:0px;--awb-border-radius-top-right:0px;--awb-border-radius-bottom-right:0px;--awb-border-radius-bottom-left:0px;--awb-margin-bottom:120px;--awb-margin-bottom-medium:0px;--awb-margin-bottom-small:0px;--awb-min-height:505px;--awb-background-image:url(&quot;https:\/\/tdbank.site.findly.com\/wp-content\/uploads\/sites\/3345\/2025\/10\/banner-bottom.jpg&quot;);--awb-background-size:cover;--awb-flex-wrap:wrap;\" ><div class=\"fusion-builder-row fusion-row fusion-flex-align-items-flex-start fusion-flex-align-content-center fusion-flex-justify-content-center fusion-flex-content-wrap\" style=\"max-width:calc( 1408px + 40px );margin-left: calc(-40px \/ 2 );margin-right: calc(-40px \/ 2 );\"><div class=\"fusion-layout-column fusion_builder_column fusion-builder-column-5 fusion_builder_column_1_2 1_2 fusion-flex-column cta-search-box\" style=\"--awb-padding-top:48px;--awb-padding-right:48px;--awb-padding-bottom:48px;--awb-padding-left:48px;--awb-padding-top-medium:10px;--awb-padding-right-medium:30px;--awb-padding-left-medium:30px;--awb-padding-top-small:10px;--awb-padding-right-small:30px;--awb-padding-left-small:30px;--awb-bg-color:#ffffff;--awb-bg-color-hover:#ffffff;--awb-bg-size:cover;--awb-width-large:50%;--awb-margin-top-large:0px;--awb-spacing-right-large:20px;--awb-margin-bottom-large:20px;--awb-spacing-left-large:20px;--awb-width-medium:41%;--awb-order-medium:0;--awb-spacing-right-medium:20px;--awb-spacing-left-medium:20px;--awb-width-small:100%;--awb-order-small:1;--awb-spacing-right-small:0px;--awb-spacing-left-small:0px;\" data-scroll-devices=\"small-visibility,medium-visibility,large-visibility\"><div class=\"fusion-column-wrapper fusion-column-has-shadow fusion-flex-justify-content-flex-start fusion-content-layout-column\"><div class=\"fusion-title title fusion-title-5 fusion-sep-none fusion-title-text fusion-title-size-two\" style=\"--awb-text-color:var(--awb-custom_color_2);\"><h2 class=\"fusion-title-heading title-heading-left\" style=\"margin:0;text-transform:none;\">Cherchez des occasions<\/h2><\/div><div class=\"fusion-text fusion-text-4\"><p>Trouvez une occasion qui vous int\u00e9resse.<\/p>\n<\/div><div ><a class=\"fusion-button button-flat fusion-button-default-size button-default fusion-button-default button-3 fusion-button-default-span fusion-button-default-type green-bg-btn\" target=\"_blank\" rel=\"noopener noreferrer\" href=\"https:\/\/td.wd3.myworkdayjobs.com\/fr-CA\/TD_Bank_Careers\"><span class=\"fusion-button-text\">Chercher des occasions<\/span><\/a><\/div><div ><a class=\"fusion-button button-flat fusion-button-default-size button-default fusion-button-default button-4 fusion-button-default-span fusion-button-default-type trans-bg-btn focus-white d-none\" style=\"--button_padding-right:50px;--button_padding-left:50px;--button_margin-top:16px;\" target=\"_blank\" rel=\"noopener noreferrer\" href=\"https:\/\/td.wd3.myworkdayjobs.com\/fr-CA\/TD_Bank_Careers\"><span class=\"fusion-button-text\">Cr\u00e9er un compte<\/span><\/a><\/div><\/div><\/div><div class=\"fusion-layout-column fusion_builder_column fusion-builder-column-6 fusion_builder_column_1_2 1_2 fusion-flex-column\" style=\"--awb-bg-size:cover;--awb-width-large:50%;--awb-margin-top-large:0px;--awb-spacing-right-large:0px;--awb-margin-bottom-large:0px;--awb-spacing-left-large:20px;--awb-width-medium:35%;--awb-order-medium:0;--awb-spacing-right-medium:0px;--awb-spacing-left-medium:20px;--awb-width-small:100%;--awb-order-small:0;--awb-spacing-right-small:0px;--awb-spacing-left-small:0px;\" data-scroll-devices=\"small-visibility,medium-visibility,large-visibility\"><div class=\"fusion-column-wrapper fusion-column-has-shadow fusion-flex-justify-content-flex-start fusion-content-layout-column\"><div class=\"fusion-image-element \" style=\"--awb-caption-title-font-family:var(--h2_typography-font-family);--awb-caption-title-font-weight:var(--h2_typography-font-weight);--awb-caption-title-font-style:var(--h2_typography-font-style);--awb-caption-title-size:var(--h2_typography-font-size);--awb-caption-title-transform:var(--h2_typography-text-transform);--awb-caption-title-line-height:var(--h2_typography-line-height);--awb-caption-title-letter-spacing:var(--h2_typography-letter-spacing);\"><span class=\" fusion-imageframe imageframe-none imageframe-3 hover-type-none blk-img\"><img decoding=\"async\" width=\"1980\" height=\"1080\" alt=\"Une professionnelle en ressources humaines explique comment effectuer une recherche d\u2019emploi avec sa tablette.\" src=\"https:\/\/cdn-static.findly.com\/wp-content\/uploads\/sites\/3303\/2024\/05\/02083226\/blockquote_bg-1.jpg\" class=\"img-responsive wp-image-3197\"\/><\/span><\/div><\/div><\/div><\/div><\/div>\n<\/p>\n","protected":false},"excerpt":{"rendered":"","protected":false},"author":1472,"featured_media":0,"parent":0,"menu_order":0,"comment_status":"closed","ping_status":"closed","template":"100-width.php","meta":{"footnotes":""},"class_list":["post-7233","page","type-page","status-publish","hentry"],"yoast_head":"<!-- This site is optimized with the Yoast SEO Premium plugin v23.0 (Yoast SEO v23.0) - https:\/\/yoast.com\/wordpress\/plugins\/seo\/ -->\n<title>Trouver une \u00e9quipe| Carri\u00e8res \u00e0 la TD<\/title>\n<meta name=\"description\" content=\"D\u00e9couvrez les \u00e9quipes de la TD \u00e0 l\u2019origine de la r\u00e9ussite de nos clients et de nos collectivit\u00e9s, notamment Op\u00e9rations, Technologie, Service juridique et Marketing.\" \/>\n<meta name=\"robots\" content=\"index, follow, max-snippet:-1, max-image-preview:large, max-video-preview:-1\" \/>\n<link rel=\"canonical\" href=\"https:\/\/careers.td.com\/fr-ca\/trouver-une-equipe\/\" \/>\n<meta property=\"og:locale\" content=\"fr_FR\" \/>\n<meta property=\"og:type\" content=\"article\" \/>\n<meta property=\"og:title\" content=\"Trouver une \u00e9quipe\" \/>\n<meta property=\"og:description\" content=\"D\u00e9couvrez les \u00e9quipes de la TD \u00e0 l\u2019origine de la r\u00e9ussite de nos clients et de nos collectivit\u00e9s, notamment Op\u00e9rations, Technologie, Service juridique et Marketing.\" \/>\n<meta property=\"og:url\" content=\"https:\/\/careers.td.com\/fr-ca\/trouver-une-equipe\/\" \/>\n<meta property=\"article:modified_time\" content=\"2026-01-29T18:40:26+00:00\" \/>\n<meta property=\"og:image\" content=\"https:\/\/tdbank.site.findly.com\/wp-content\/uploads\/sites\/3345\/2024\/07\/New-Project-20.jpg\" \/>\n\t<meta property=\"og:image:width\" content=\"300\" \/>\n\t<meta property=\"og:image:height\" content=\"300\" \/>\n\t<meta property=\"og:image:type\" content=\"image\/jpeg\" \/>\n<meta name=\"twitter:card\" content=\"summary_large_image\" \/>\n<meta name=\"twitter:label1\" content=\"Est. reading time\" \/>\n\t<meta name=\"twitter:data1\" content=\"15 minutes\" \/>\n<script type=\"application\/ld+json\" class=\"yoast-schema-graph\">{\"@context\":\"https:\/\/schema.org\",\"@graph\":[{\"@type\":\"WebPage\",\"@id\":\"https:\/\/careers.td.com\/fr-ca\/trouver-une-equipe\/\",\"url\":\"https:\/\/careers.td.com\/fr-ca\/trouver-une-equipe\/\",\"name\":\"Trouver une \u00e9quipe| Carri\u00e8res \u00e0 la TD\",\"isPartOf\":{\"@id\":\"https:\/\/careers.td.com\/#website\"},\"datePublished\":\"2024-06-19T20:56:27+00:00\",\"dateModified\":\"2026-01-29T18:40:26+00:00\",\"description\":\"D\u00e9couvrez les \u00e9quipes de la TD \u00e0 l\u2019origine de la r\u00e9ussite de nos clients et de nos collectivit\u00e9s, notamment Op\u00e9rations, Technologie, Service juridique et Marketing.\",\"breadcrumb\":{\"@id\":\"https:\/\/careers.td.com\/fr-ca\/trouver-une-equipe\/#breadcrumb\"},\"inLanguage\":\"fr\",\"potentialAction\":[{\"@type\":\"ReadAction\",\"target\":[\"https:\/\/careers.td.com\/fr-ca\/trouver-une-equipe\/\"]}]},{\"@type\":\"BreadcrumbList\",\"@id\":\"https:\/\/careers.td.com\/fr-ca\/trouver-une-equipe\/#breadcrumb\",\"itemListElement\":[{\"@type\":\"ListItem\",\"position\":1,\"name\":\"Home\",\"item\":\"https:\/\/careers.td.com\/fr-ca\/\"},{\"@type\":\"ListItem\",\"position\":2,\"name\":\"Trouver une \u00e9quipe\"}]},{\"@type\":\"WebSite\",\"@id\":\"https:\/\/careers.td.com\/#website\",\"url\":\"https:\/\/careers.td.com\/\",\"name\":\"\",\"description\":\"TD Bank\",\"potentialAction\":[{\"@type\":\"SearchAction\",\"target\":{\"@type\":\"EntryPoint\",\"urlTemplate\":\"https:\/\/careers.td.com\/?s={search_term_string}\"},\"query-input\":\"required name=search_term_string\"}],\"inLanguage\":\"fr\"}]}<\/script>\n<!-- \/ Yoast SEO Premium plugin. -->","yoast_head_json":{"title":"Trouver une \u00e9quipe| Carri\u00e8res \u00e0 la TD","description":"D\u00e9couvrez les \u00e9quipes de la TD \u00e0 l\u2019origine de la r\u00e9ussite de nos clients et de nos collectivit\u00e9s, notamment Op\u00e9rations, Technologie, Service juridique et Marketing.","robots":{"index":"index","follow":"follow","max-snippet":"max-snippet:-1","max-image-preview":"max-image-preview:large","max-video-preview":"max-video-preview:-1"},"canonical":"https:\/\/careers.td.com\/fr-ca\/trouver-une-equipe\/","og_locale":"fr_FR","og_type":"article","og_title":"Trouver une \u00e9quipe","og_description":"D\u00e9couvrez les \u00e9quipes de la TD \u00e0 l\u2019origine de la r\u00e9ussite de nos clients et de nos collectivit\u00e9s, notamment Op\u00e9rations, Technologie, Service juridique et Marketing.","og_url":"https:\/\/careers.td.com\/fr-ca\/trouver-une-equipe\/","article_modified_time":"2026-01-29T18:40:26+00:00","og_image":[{"width":300,"height":300,"url":"https:\/\/tdbank.site.findly.com\/wp-content\/uploads\/sites\/3345\/2024\/07\/New-Project-20.jpg","type":"image\/jpeg"}],"twitter_card":"summary_large_image","twitter_misc":{"Est. reading time":"15 minutes"},"schema":{"@context":"https:\/\/schema.org","@graph":[{"@type":"WebPage","@id":"https:\/\/careers.td.com\/fr-ca\/trouver-une-equipe\/","url":"https:\/\/careers.td.com\/fr-ca\/trouver-une-equipe\/","name":"Trouver une \u00e9quipe| Carri\u00e8res \u00e0 la TD","isPartOf":{"@id":"https:\/\/careers.td.com\/#website"},"datePublished":"2024-06-19T20:56:27+00:00","dateModified":"2026-01-29T18:40:26+00:00","description":"D\u00e9couvrez les \u00e9quipes de la TD \u00e0 l\u2019origine de la r\u00e9ussite de nos clients et de nos collectivit\u00e9s, notamment Op\u00e9rations, Technologie, Service juridique et Marketing.","breadcrumb":{"@id":"https:\/\/careers.td.com\/fr-ca\/trouver-une-equipe\/#breadcrumb"},"inLanguage":"fr","potentialAction":[{"@type":"ReadAction","target":["https:\/\/careers.td.com\/fr-ca\/trouver-une-equipe\/"]}]},{"@type":"BreadcrumbList","@id":"https:\/\/careers.td.com\/fr-ca\/trouver-une-equipe\/#breadcrumb","itemListElement":[{"@type":"ListItem","position":1,"name":"Home","item":"https:\/\/careers.td.com\/fr-ca\/"},{"@type":"ListItem","position":2,"name":"Trouver une \u00e9quipe"}]},{"@type":"WebSite","@id":"https:\/\/careers.td.com\/#website","url":"https:\/\/careers.td.com\/","name":"","description":"TD Bank","potentialAction":[{"@type":"SearchAction","target":{"@type":"EntryPoint","urlTemplate":"https:\/\/careers.td.com\/?s={search_term_string}"},"query-input":"required name=search_term_string"}],"inLanguage":"fr"}]}},"_links":{"self":[{"href":"https:\/\/careers.td.com\/fr-ca\/wp-json\/wp\/v2\/pages\/7233","targetHints":{"allow":["GET"]}}],"collection":[{"href":"https:\/\/careers.td.com\/fr-ca\/wp-json\/wp\/v2\/pages"}],"about":[{"href":"https:\/\/careers.td.com\/fr-ca\/wp-json\/wp\/v2\/types\/page"}],"author":[{"embeddable":true,"href":"https:\/\/careers.td.com\/fr-ca\/wp-json\/wp\/v2\/users\/1472"}],"replies":[{"embeddable":true,"href":"https:\/\/careers.td.com\/fr-ca\/wp-json\/wp\/v2\/comments?post=7233"}],"version-history":[{"count":11,"href":"https:\/\/careers.td.com\/fr-ca\/wp-json\/wp\/v2\/pages\/7233\/revisions"}],"predecessor-version":[{"id":9521,"href":"https:\/\/careers.td.com\/fr-ca\/wp-json\/wp\/v2\/pages\/7233\/revisions\/9521"}],"wp:attachment":[{"href":"https:\/\/careers.td.com\/fr-ca\/wp-json\/wp\/v2\/media?parent=7233"}],"curies":[{"name":"wp","href":"https:\/\/api.w.org\/{rel}","templated":true}]}}